{"id":1370,"date":"2023-08-10T17:48:39","date_gmt":"2023-08-10T20:48:39","guid":{"rendered":"https:\/\/epba-sal.infd.edu.ar\/sitio\/?page_id=1370"},"modified":"2024-03-25T16:09:21","modified_gmt":"2024-03-25T19:09:21","slug":"inicio","status":"publish","type":"page","link":"https:\/\/epba-sal.infd.edu.ar\/sitio\/inicio\/","title":{"rendered":"Inicio"},"content":{"rendered":"\n<h2 class=\"wp-block-heading\">\u00a1Bienvenidos!<\/h2>\n\n\n\n<hr class=\"wp-block-separator has-alpha-channel-opacity\"\/>\n\n\n\n<p class=\"has-text-align-center\"><strong>CICLO LECTIVO 2024<\/strong><\/p>\n\n\n\n<p>La Escuela Provincial de Educaci\u00f3n Superior Thomas Cabrera IES N\u00b0 6002, ofrece: <\/p>\n\n\n\n<p><\/p>\n\n\n\n<ul>\n<li>Artes Visuales con\u00a0Orientaci\u00f3n\u00a0en: Pintura, Escultura, Grabado Arte Impreso o\u00a0Cer\u00e1mica.<\/li>\n\n\n\n<li>Tecnicatura Superior en Artes Visuales con orientaci\u00f3n al Dise\u00f1o Gr\u00e1fico<\/li>\n\n\n\n<li>Tecnicatura en Dise\u00f1o textil e indumentaria.<\/li>\n<\/ul>\n\n\n\n<p><\/p>\n\n\n\n<p><\/p>\n\n\n<div class=\"wp-block-image is-style-rounded\">\n<figure class=\"aligncenter size-full\"><img decoding=\"async\" loading=\"lazy\" width=\"560\" height=\"361\" src=\"https:\/\/epba-sal.infd.edu.ar\/sitio\/wp-content\/uploads\/2019\/02\/bellas-artes.jpg\" alt=\"\" class=\"wp-image-786\"\/><\/figure><\/div>","protected":false},"excerpt":{"rendered":"<p>\u00a1Bienvenidos! CICLO LECTIVO 2024 La Escuela Provincial de Educaci\u00f3n Superior Thomas Cabrera IES N\u00b0 6002, ofrece:<\/p>\n","protected":false},"author":232,"featured_media":0,"parent":0,"menu_order":0,"comment_status":"closed","ping_status":"closed","template":"","meta":[],"acf":[],"_links":{"self":[{"href":"https:\/\/epba-sal.infd.edu.ar\/sitio\/wp-json\/wp\/v2\/pages\/1370"}],"collection":[{"href":"https:\/\/epba-sal.infd.edu.ar\/sitio\/wp-json\/wp\/v2\/pages"}],"about":[{"href":"https:\/\/epba-sal.infd.edu.ar\/sitio\/wp-json\/wp\/v2\/types\/page"}],"author":[{"embeddable":true,"href":"https:\/\/epba-sal.infd.edu.ar\/sitio\/wp-json\/wp\/v2\/users\/232"}],"replies":[{"embeddable":true,"href":"https:\/\/epba-sal.infd.edu.ar\/sitio\/wp-json\/wp\/v2\/comments?post=1370"}],"version-history":[{"count":15,"href":"https:\/\/epba-sal.infd.edu.ar\/sitio\/wp-json\/wp\/v2\/pages\/1370\/revisions"}],"predecessor-version":[{"id":1435,"href":"https:\/\/epba-sal.infd.edu.ar\/sitio\/wp-json\/wp\/v2\/pages\/1370\/revisions\/1435"}],"wp:attachment":[{"href":"https:\/\/epba-sal.infd.edu.ar\/sitio\/wp-json\/wp\/v2\/media?parent=1370"}],"curies":[{"name":"wp","href":"https:\/\/api.w.org\/{rel}","templated":true}]}}