{"id":286,"date":"2020-10-10T13:17:59","date_gmt":"2020-10-10T16:17:59","guid":{"rendered":"https:\/\/epba-sal.infd.edu.ar\/sitio\/?page_id=286"},"modified":"2026-03-03T22:25:08","modified_gmt":"2026-03-04T01:25:08","slug":"inicio2","status":"publish","type":"page","link":"https:\/\/epba-sal.infd.edu.ar\/sitio\/","title":{"rendered":"Inicio2"},"content":{"rendered":"\n<figure class=\"wp-block-image size-full is-resized\"><img decoding=\"async\" loading=\"lazy\" src=\"https:\/\/epba-sal.infd.edu.ar\/sitio\/wp-content\/uploads\/2024\/11\/Recurso-1.png\" alt=\"\" class=\"wp-image-1450\" width=\"1021\" height=\"145\" srcset=\"https:\/\/epba-sal.infd.edu.ar\/sitio\/wp-content\/uploads\/2024\/11\/Recurso-1.png 1245w, https:\/\/epba-sal.infd.edu.ar\/sitio\/wp-content\/uploads\/2024\/11\/Recurso-1-1000x142.png 1000w, https:\/\/epba-sal.infd.edu.ar\/sitio\/wp-content\/uploads\/2024\/11\/Recurso-1-768x109.png 768w\" sizes=\"(max-width: 1021px) 100vw, 1021px\" \/><\/figure>\n\n\n\n<p class=\"has-text-align-center has-medium-font-size\"><\/p>\n\n\n\n<h2 class=\"wp-block-heading has-text-align-center\">INSCRIPCION PARA CURSADO POR MATERIA<\/h2>\n\n\n\n<h2 class=\"wp-block-heading has-text-align-center\">PRIMER CUATRIMESTRE Y ANUALES 2026<\/h2>\n\n\n\n<p class=\"has-text-align-center\"><strong><mark style=\"background-color:rgba(0, 0, 0, 0)\" class=\"has-inline-color has-accent-color\"><strong>Los d\u00edas 2, 3 y 4 de marzo de 2026 estar\u00e1n abiertas las inscripciones por Materia<\/strong><\/mark><\/strong><\/p>\n\n\n\n<h2 class=\"wp-block-heading\">E<strong>nlaces para acceder a los formularios de inscripci\u00f3n:<\/strong><\/h2>\n\n\n\n<div class=\"wp-block-buttons is-layout-flex\">\n<div class=\"wp-block-button\"><a class=\"wp-block-button__link wp-element-button\" href=\"https:\/\/forms.gle\/vYBJR2u1UWjTgycJ8\" target=\"_blank\" rel=\"noreferrer noopener\"><strong>Profesorado de Educaci\u00f3n Superior en Artes Visuales<\/strong><\/a><\/div>\n<\/div>\n\n\n\n<div class=\"wp-block-buttons is-layout-flex\">\n<div class=\"wp-block-button\"><a class=\"wp-block-button__link wp-element-button\" href=\"https:\/\/forms.gle\/8e4nHNVRx8HT9Hqi8\" target=\"_blank\" rel=\"noreferrer noopener\"><strong><strong>Tecnicatura Superior en Dise\u00f1o Gr\u00e1fico<\/strong><\/strong><\/a><\/div>\n<\/div>\n\n\n\n<div class=\"wp-block-buttons is-layout-flex\">\n<div class=\"wp-block-button\"><a class=\"wp-block-button__link wp-element-button\" href=\"https:\/\/forms.gle\/ASiCDLr6QEr7xXom8\" target=\"_blank\" rel=\"noreferrer noopener\"><strong>Tecnicatura Superior en Arte Textil e Indumentaria<\/strong><\/a><\/div>\n<\/div>\n\n\n\n<div class=\"wp-block-buttons is-layout-flex\">\n<div class=\"wp-block-button\"><a class=\"wp-block-button__link wp-element-button\" href=\"https:\/\/forms.gle\/ygquYq6ybwmZ6wJ98\" target=\"_blank\" rel=\"noreferrer noopener\"><strong>Tecnicatura Superior en Artes Textil e indumentaria  &#8211; Plan Nuevo (Resoluci\u00f3n N\u00b0 89\/24)<\/strong><\/a><\/div>\n<\/div>\n\n\n\n<div class=\"wp-block-columns is-layout-flex wp-container-6\">\n<div class=\"wp-block-column is-layout-flow\">\n<p><\/p>\n<\/div>\n<\/div>\n\n\n\n<div class=\"wp-block-buttons is-layout-flex\"><\/div>\n\n\n\n<div class=\"wp-block-columns is-layout-flex wp-container-11\">\n<div class=\"wp-block-column is-layout-flow\" style=\"flex-basis:100%\">\n<figure class=\"wp-block-gallery has-nested-images columns-default is-cropped wp-block-gallery-8 is-layout-flex\"><\/figure>\n\n\n\n<p class=\"has-text-align-center\">Febrero 2026<\/p>\n<\/div>\n<\/div>\n","protected":false},"excerpt":{"rendered":"<p>INSCRIPCION PARA CURSADO POR MATERIA PRIMER CUATRIMESTRE Y ANUALES 2026 Los d\u00edas 2, 3 y 4 de marzo de 2026 estar\u00e1n abiertas las inscripciones por Materia Enlaces para acceder a los formularios de inscripci\u00f3n: Febrero 2026<\/p>\n","protected":false},"author":232,"featured_media":0,"parent":1370,"menu_order":0,"comment_status":"closed","ping_status":"closed","template":"","meta":[],"acf":[],"_links":{"self":[{"href":"https:\/\/epba-sal.infd.edu.ar\/sitio\/wp-json\/wp\/v2\/pages\/286"}],"collection":[{"href":"https:\/\/epba-sal.infd.edu.ar\/sitio\/wp-json\/wp\/v2\/pages"}],"about":[{"href":"https:\/\/epba-sal.infd.edu.ar\/sitio\/wp-json\/wp\/v2\/types\/page"}],"author":[{"embeddable":true,"href":"https:\/\/epba-sal.infd.edu.ar\/sitio\/wp-json\/wp\/v2\/users\/232"}],"replies":[{"embeddable":true,"href":"https:\/\/epba-sal.infd.edu.ar\/sitio\/wp-json\/wp\/v2\/comments?post=286"}],"version-history":[{"count":179,"href":"https:\/\/epba-sal.infd.edu.ar\/sitio\/wp-json\/wp\/v2\/pages\/286\/revisions"}],"predecessor-version":[{"id":1570,"href":"https:\/\/epba-sal.infd.edu.ar\/sitio\/wp-json\/wp\/v2\/pages\/286\/revisions\/1570"}],"up":[{"embeddable":true,"href":"https:\/\/epba-sal.infd.edu.ar\/sitio\/wp-json\/wp\/v2\/pages\/1370"}],"wp:attachment":[{"href":"https:\/\/epba-sal.infd.edu.ar\/sitio\/wp-json\/wp\/v2\/media?parent=286"}],"curies":[{"name":"wp","href":"https:\/\/api.w.org\/{rel}","templated":true}]}}