{"id":768,"date":"2018-08-31T14:34:15","date_gmt":"2018-08-31T17:34:15","guid":{"rendered":"https:\/\/epba-sal.infd.edu.ar\/sitio\/plan-de-estudios\/"},"modified":"2019-05-09T09:09:03","modified_gmt":"2019-05-09T12:09:03","slug":"plan-de-estudios","status":"publish","type":"page","link":"https:\/\/epba-sal.infd.edu.ar\/sitio\/plan-de-estudios\/","title":{"rendered":"Plan de estudios"},"content":{"rendered":"<p style=\"text-align: center;\"><span style=\"color: #993366;\"><span style=\"font-size: 12pt;\"><span style=\"font-size: 12pt;\"><b>Profesorado Superior en :<\/b><\/span><\/span><\/span><\/p>\n<p style=\"text-align: center;\"><span style=\"color: #993366;\"><span style=\"font-size: 12pt;\"><b>Artes Visuales con <\/b><b>Orientaci\u00f3n<\/b><b style=\"font-size: 12pt;\">\u00a0en: Pintura, Escultura, Grabado Arte Impreso o <\/b><b>Cer\u00e1mica.<\/b><\/span><\/span><\/p>\n<p>Turno Tarde: de 13 hs. a 18 hs.<br \/>\nTurno Noche: de 18 hs. a 23.30 hs.<\/p>\n<table border=\"4\" width=\"auto\" align=\"center\">\n<tbody>\n<tr>\n<td bgcolor=\"#f7a3ae\">\n<div align=\"center\"><span style=\"color: #993366;\">PRIMER A\u00d1O<\/span><\/div>\n<\/td>\n<td bgcolor=\"#f7a3ae\">\n<div align=\"center\"><span style=\"color: #993366;\">ANUAL<\/span><\/div>\n<\/td>\n<td bgcolor=\"#f7a3ae\">\n<div align=\"center\"><span style=\"color: #993366;\">CUAT.<\/span><\/div>\n<\/td>\n<\/tr>\n<tr>\n<td>\n<div align=\"center\"><span style=\"color: #993366;\">Pedagog\u00eda<\/span><\/div>\n<\/td>\n<td>\n<div align=\"center\"><\/div>\n<\/td>\n<td>\n<div align=\"center\"><\/div>\n<\/td>\n<\/tr>\n<tr>\n<td>\n<div align=\"center\"><span style=\"color: #993366;\">Did\u00e1ctica General<\/span><\/div>\n<\/td>\n<td>\n<div align=\"center\"><\/div>\n<\/td>\n<td>\n<div align=\"center\"><\/div>\n<\/td>\n<\/tr>\n<tr>\n<td>\n<div align=\"center\"><span style=\"color: #993366;\">Psicolog\u00eda Educacional<\/span><\/div>\n<\/td>\n<td>\n<div align=\"center\"><\/div>\n<\/td>\n<td>\n<div align=\"center\"><\/div>\n<\/td>\n<\/tr>\n<tr>\n<td>\n<div align=\"center\"><span style=\"color: #993366;\">Lectura y Escritura Acad\u00e9mica<\/span><\/div>\n<\/td>\n<td>\n<div align=\"center\"><\/div>\n<\/td>\n<td>\n<div align=\"center\"><\/div>\n<\/td>\n<\/tr>\n<tr>\n<td>\n<div align=\"center\"><span style=\"color: #993366;\">Producci\u00f3n Art\u00edstica Rotativa: Pintura I<\/span><\/div>\n<\/td>\n<td>\n<div align=\"center\"><\/div>\n<\/td>\n<td>\n<div align=\"center\"><\/div>\n<\/td>\n<\/tr>\n<tr>\n<td>\n<div align=\"center\"><span style=\"color: #993366;\">Producci\u00f3n Art\u00edstica Rotativa: Escultura I<\/span><\/div>\n<\/td>\n<td>\n<div align=\"center\"><\/div>\n<\/td>\n<td>\n<div align=\"center\"><\/div>\n<\/td>\n<\/tr>\n<tr>\n<td>\n<div align=\"center\"><span style=\"color: #993366;\">Producci\u00f3n Art\u00edstica Rotativa: Grabado y Arte Impreso I<\/span><\/div>\n<\/td>\n<td>\n<div align=\"center\"><\/div>\n<\/td>\n<td>\n<div align=\"center\"><\/div>\n<\/td>\n<\/tr>\n<tr>\n<td>\n<div align=\"center\"><span style=\"color: #993366;\">Producci\u00f3n Art\u00edstica Rotativa: Cer\u00e1mica I<\/span><\/div>\n<\/td>\n<td>\n<div align=\"center\"><\/div>\n<\/td>\n<td>\n<div align=\"center\"><\/div>\n<\/td>\n<\/tr>\n<tr>\n<td>\n<div align=\"center\"><span style=\"color: #993366;\">Fundamentos Visuales I<\/span><\/div>\n<\/td>\n<td>\n<div align=\"center\"><\/div>\n<\/td>\n<td>\n<div align=\"center\"><\/div>\n<\/td>\n<\/tr>\n<tr>\n<td>\n<div align=\"center\"><span style=\"color: #993366;\">Historia del Arte I<\/span><\/div>\n<\/td>\n<td>\n<div align=\"center\"><\/div>\n<\/td>\n<td>\n<div align=\"center\"><\/div>\n<\/td>\n<\/tr>\n<tr>\n<td>\n<div align=\"center\"><span style=\"color: #993366;\">Dibujo I<\/span><\/div>\n<\/td>\n<td>\n<div align=\"center\"><\/div>\n<\/td>\n<td>\n<div align=\"center\"><\/div>\n<\/td>\n<\/tr>\n<tr>\n<td>\n<div align=\"center\"><span style=\"color: #993366;\">Sujeto de la Educaci\u00f3n-Infancia<\/span><\/div>\n<\/td>\n<td>\n<div align=\"center\"><\/div>\n<\/td>\n<td>\n<div align=\"center\"><\/div>\n<\/td>\n<\/tr>\n<tr>\n<td>\n<div align=\"center\"><span style=\"color: #993366;\">Practica Docente I: Contexto , Comunidad y Escuela<\/span><\/div>\n<\/td>\n<td>\n<div align=\"center\"><\/div>\n<\/td>\n<td>\n<div align=\"center\"><\/div>\n<\/td>\n<\/tr>\n<tr>\n<td bgcolor=\"#f7a3ae\">\n<div align=\"center\"><span style=\"color: #993366;\">SEGUNDO A\u00d1O<\/span><\/div>\n<\/td>\n<td bgcolor=\"#f7a3ae\">\n<div align=\"center\"><span style=\"color: #993366;\">ANUAL<\/span><\/div>\n<\/td>\n<td bgcolor=\"#f7a3ae\">\n<div align=\"center\"><span style=\"color: #993366;\">CUAT.<\/span><\/div>\n<\/td>\n<\/tr>\n<tr>\n<td>\n<div align=\"center\"><span style=\"color: #993366;\">Sociolog\u00eda de la Educaci\u00f3n<\/span><\/div>\n<\/td>\n<td>\n<div align=\"center\"><\/div>\n<\/td>\n<td>\n<div align=\"center\"><\/div>\n<\/td>\n<\/tr>\n<tr>\n<td>\n<div align=\"center\"><span style=\"color: #993366;\">Historia Argentina y Latinoamericana<\/span><\/div>\n<\/td>\n<td>\n<div align=\"center\"><\/div>\n<\/td>\n<td>\n<div align=\"center\"><\/div>\n<\/td>\n<\/tr>\n<tr>\n<td>\n<div align=\"center\"><span style=\"color: #993366;\">Tecnolog\u00eda de la Informaci\u00f3n y Comunicaci\u00f3n<\/span><\/div>\n<\/td>\n<td>\n<div align=\"center\"><\/div>\n<\/td>\n<td>\n<div align=\"center\"><\/div>\n<\/td>\n<\/tr>\n<tr>\n<td>\n<div align=\"center\"><span style=\"color: #993366;\">Producci\u00f3n Art\u00edstica Rotativa: Pintura II<\/span><\/div>\n<\/td>\n<td>\n<div align=\"center\"><\/div>\n<\/td>\n<td>\n<div align=\"center\"><\/div>\n<\/td>\n<\/tr>\n<tr>\n<td>\n<div align=\"center\"><span style=\"color: #993366;\">Producci\u00f3n Art\u00edstica Rotativa: Escultura II<\/span><\/div>\n<\/td>\n<td>\n<div align=\"center\"><\/div>\n<\/td>\n<td>\n<div align=\"center\"><\/div>\n<\/td>\n<\/tr>\n<tr>\n<td>\n<div align=\"center\"><span style=\"color: #993366;\">Producci\u00f3n Art\u00edstica Rotativa: Grabado y Arte Impreso II<\/span><\/div>\n<\/td>\n<td>\n<div align=\"center\"><\/div>\n<\/td>\n<td>\n<div align=\"center\"><\/div>\n<\/td>\n<\/tr>\n<tr>\n<td>\n<div align=\"center\"><span style=\"color: #993366;\">Producci\u00f3n Art\u00edstica Rotativa: Cer\u00e1mica II<\/span><\/div>\n<\/td>\n<td>\n<div align=\"center\"><\/div>\n<\/td>\n<td>\n<div align=\"center\"><\/div>\n<\/td>\n<\/tr>\n<tr>\n<td>\n<div align=\"center\"><span style=\"color: #993366;\">Dibujo II<\/span><\/div>\n<\/td>\n<td>\n<div align=\"center\"><\/div>\n<\/td>\n<td>\n<div align=\"center\"><\/div>\n<\/td>\n<\/tr>\n<tr>\n<td>\n<div align=\"center\"><span style=\"color: #993366;\">Fundamentos Visuales II<\/span><\/div>\n<\/td>\n<td>\n<div align=\"center\"><\/div>\n<\/td>\n<td>\n<div align=\"center\"><\/div>\n<\/td>\n<\/tr>\n<tr>\n<td>\n<div align=\"center\"><span style=\"color: #993366;\">Sujeto de la Educaci\u00f3n J\u00f3venes y Adultos<\/span><\/div>\n<\/td>\n<td>\n<div align=\"center\"><\/div>\n<\/td>\n<td>\n<div align=\"center\"><\/div>\n<\/td>\n<\/tr>\n<tr>\n<td>\n<div align=\"center\"><span style=\"color: #993366;\">Did\u00e1ctica Especial de las Artes Visuales I<\/span><\/div>\n<\/td>\n<td>\n<div align=\"center\"><\/div>\n<\/td>\n<td>\n<div align=\"center\"><\/div>\n<\/td>\n<\/tr>\n<tr>\n<td>\n<div align=\"center\"><span style=\"color: #993366;\">Practica Docente II: Gesti\u00f3n Institucional Curriculum y Ense\u00f1anza<\/span><\/div>\n<\/td>\n<td>\n<div align=\"center\"><\/div>\n<\/td>\n<td>\n<div align=\"center\"><\/div>\n<\/td>\n<\/tr>\n<tr>\n<td bgcolor=\"#f7a3ae\">\n<div align=\"center\"><span style=\"color: #993366;\">TERCER A\u00d1O<\/span><\/div>\n<\/td>\n<td bgcolor=\"#f7a3ae\">\n<div align=\"center\"><span style=\"color: #993366;\">ANUAL<\/span><\/div>\n<\/td>\n<td bgcolor=\"#f7a3ae\">\n<div align=\"center\"><span style=\"color: #993366;\">CUAT.<\/span><\/div>\n<\/td>\n<\/tr>\n<tr>\n<td>\n<div align=\"center\"><span style=\"color: #993366;\">Historia y Pol\u00edtica de la Educaci\u00f3n Argentina<\/span><\/div>\n<\/td>\n<td>\n<div align=\"center\"><\/div>\n<\/td>\n<td>\n<div align=\"center\"><\/div>\n<\/td>\n<\/tr>\n<tr>\n<td>\n<div align=\"center\"><span style=\"color: #993366;\">Filosof\u00eda<\/span><\/div>\n<\/td>\n<td>\n<div align=\"center\"><\/div>\n<\/td>\n<td>\n<div align=\"center\"><\/div>\n<\/td>\n<\/tr>\n<tr>\n<td>\n<div align=\"center\"><span style=\"color: #993366;\">Integraci\u00f3n Educativa<\/span><\/div>\n<\/td>\n<td>\n<div align=\"center\"><\/div>\n<\/td>\n<td>\n<div align=\"center\"><\/div>\n<\/td>\n<\/tr>\n<tr>\n<td>\n<div align=\"center\"><span style=\"color: #993366;\">Producci\u00f3n Art\u00edstica Rotativa: Pintura II<\/span><\/div>\n<\/td>\n<td>\n<div align=\"center\"><\/div>\n<\/td>\n<td>\n<div align=\"center\"><\/div>\n<\/td>\n<\/tr>\n<tr>\n<td>\n<div align=\"center\"><span style=\"color: #993366;\">Producci\u00f3n Art\u00edstica Rotativa: Escultura II<\/span><\/div>\n<\/td>\n<td>\n<div align=\"center\"><\/div>\n<\/td>\n<td>\n<div align=\"center\"><\/div>\n<\/td>\n<\/tr>\n<tr>\n<td>\n<div align=\"center\"><span style=\"color: #993366;\">Producci\u00f3n Art\u00edstica Rotativa: Grabado y Arte Impreso II<\/span><\/div>\n<\/td>\n<td>\n<div align=\"center\"><\/div>\n<\/td>\n<td>\n<div align=\"center\"><\/div>\n<\/td>\n<\/tr>\n<tr>\n<td>\n<div align=\"center\"><span style=\"color: #993366;\">Producci\u00f3n Art\u00edstica Rotativa: Cer\u00e1mica II<\/span><\/div>\n<\/td>\n<td>\n<div align=\"center\"><\/div>\n<\/td>\n<td>\n<div align=\"center\"><\/div>\n<\/td>\n<\/tr>\n<tr>\n<td>\n<div align=\"center\"><span style=\"color: #993366;\">Dibujo II<\/span><\/div>\n<\/td>\n<td>\n<div align=\"center\"><\/div>\n<\/td>\n<td>\n<div align=\"center\"><\/div>\n<\/td>\n<\/tr>\n<tr>\n<td>\n<div align=\"center\"><span style=\"color: #993366;\">Fundamentos Visuales II<\/span><\/div>\n<\/td>\n<td>\n<div align=\"center\"><\/div>\n<\/td>\n<td>\n<div align=\"center\"><\/div>\n<\/td>\n<\/tr>\n<tr>\n<td>\n<div align=\"center\"><span style=\"color: #993366;\">Did\u00e1ctica Especial de las Artes Visuales II<\/span><\/div>\n<\/td>\n<td>\n<div align=\"center\"><\/div>\n<\/td>\n<td>\n<div align=\"center\"><\/div>\n<\/td>\n<\/tr>\n<tr>\n<td>\n<div align=\"center\"><span style=\"color: #993366;\">Practica Docente III: Practica de Ense\u00f1anza<\/span><\/div>\n<\/td>\n<td>\n<div align=\"center\"><\/div>\n<\/td>\n<td>\n<div align=\"center\"><\/div>\n<\/td>\n<\/tr>\n<tr>\n<td bgcolor=\"#f7a3ae\">\n<div align=\"center\"><span style=\"color: #993366;\">CUARTO A\u00d1O<\/span><\/div>\n<\/td>\n<td bgcolor=\"#f7a3ae\">\n<div align=\"center\"><span style=\"color: #993366;\">ANUAL<\/span><\/div>\n<\/td>\n<td bgcolor=\"#f7a3ae\">\n<div align=\"center\"><span style=\"color: #993366;\">CUAT.<\/span><\/div>\n<\/td>\n<\/tr>\n<tr>\n<td>\n<div align=\"center\"><a href=\"https:\/\/epba-sal.infd.edu.ar\/sitio\/wp-content\/uploads\/2019\/05\/Programa-Formaci\u00f3n-\u00c9tica-y-Ciudadana.pdf\">Programa-Formaci\u00f3n \u00c9tica y Ciudadana<\/a><\/div>\n<\/td>\n<td>\n<div align=\"center\"><\/div>\n<\/td>\n<td>\n<div align=\"center\"><\/div>\n<\/td>\n<\/tr>\n<tr>\n<td>\n<div align=\"center\"><span style=\"color: #993366;\">Antropolog\u00eda<\/span><\/div>\n<\/td>\n<td>\n<div align=\"center\"><\/div>\n<\/td>\n<td>\n<div align=\"center\"><\/div>\n<\/td>\n<\/tr>\n<tr>\n<td>\n<div align=\"center\"><span style=\"color: #993366;\">Historia Social I<\/span><\/div>\n<\/td>\n<td>\n<div align=\"center\"><\/div>\n<\/td>\n<td>\n<div align=\"center\"><\/div>\n<\/td>\n<\/tr>\n<tr>\n<td>\n<div align=\"center\"><span style=\"color: #993366;\">Metodolog\u00eda de la Investigaci\u00f3n<\/span><\/div>\n<\/td>\n<td>\n<div align=\"center\"><\/div>\n<\/td>\n<td>\n<div align=\"center\"><\/div>\n<\/td>\n<\/tr>\n<tr>\n<td>\n<div align=\"center\"><span style=\"color: #993366;\">Producci\u00f3n Art\u00edstica IV<\/span><\/div>\n<\/td>\n<td>\n<div align=\"center\"><\/div>\n<\/td>\n<td>\n<div align=\"center\"><\/div>\n<\/td>\n<\/tr>\n<tr>\n<td>\n<div align=\"center\"><span style=\"color: #993366;\">Dibujo IV<\/span><\/div>\n<\/td>\n<td>\n<div align=\"center\"><\/div>\n<\/td>\n<td>\n<div align=\"center\"><\/div>\n<\/td>\n<\/tr>\n<tr>\n<td>\n<div align=\"center\"><span style=\"color: #993366;\">Fundamentos Visuales IV<\/span><\/div>\n<\/td>\n<td>\n<div align=\"center\"><\/div>\n<\/td>\n<td>\n<div align=\"center\"><\/div>\n<\/td>\n<\/tr>\n<tr>\n<td>\n<div align=\"center\"><span style=\"color: #993366;\">Did\u00e1ctica Especial de las Artes Visuales Nivel Superior<\/span><\/div>\n<\/td>\n<td>\n<div align=\"center\"><\/div>\n<\/td>\n<td>\n<div align=\"center\"><\/div>\n<\/td>\n<\/tr>\n<tr>\n<td>\n<div align=\"center\"><span style=\"color: #993366;\">Practica Docente IV: Nivel Sec. y Educ. Especial<\/span><\/div>\n<\/td>\n<td>\n<div align=\"center\"><\/div>\n<\/td>\n<td>\n<div align=\"center\"><\/div>\n<\/td>\n<\/tr>\n<tr>\n<td bgcolor=\"#f7a3ae\">\n<div align=\"center\"><span style=\"color: #993366;\">QUINTO A\u00d1O<\/span><\/div>\n<\/td>\n<td bgcolor=\"#f7a3ae\">\n<div align=\"center\"><span style=\"color: #993366;\">ANUAL<\/span><\/div>\n<\/td>\n<td bgcolor=\"#f7a3ae\">\n<div align=\"center\"><span style=\"color: #993366;\">CUAT.<\/span><\/div>\n<\/td>\n<\/tr>\n<tr>\n<td>\n<div align=\"center\"><span style=\"color: #993366;\">Est\u00e9tica<\/span><\/div>\n<\/td>\n<td>\n<div align=\"center\"><\/div>\n<\/td>\n<td>\n<div align=\"center\"><\/div>\n<\/td>\n<\/tr>\n<tr>\n<td>\n<div align=\"center\"><span style=\"color: #993366;\">Semi\u00f3tica<\/span><\/div>\n<\/td>\n<td>\n<div align=\"center\"><\/div>\n<\/td>\n<td>\n<div align=\"center\"><\/div>\n<\/td>\n<\/tr>\n<tr>\n<td>\n<div align=\"center\"><span style=\"color: #993366;\">Historia Social II<\/span><\/div>\n<\/td>\n<td>\n<div align=\"center\"><\/div>\n<\/td>\n<td>\n<div align=\"center\"><\/div>\n<\/td>\n<\/tr>\n<tr>\n<td>\n<div align=\"center\"><span style=\"color: #993366;\">Producci\u00f3n Art\u00edstica V<\/span><\/div>\n<\/td>\n<td>\n<div align=\"center\"><\/div>\n<\/td>\n<td>\n<div align=\"center\"><\/div>\n<\/td>\n<\/tr>\n<tr>\n<td>\n<div align=\"center\"><span style=\"color: #993366;\">Dibujo V<\/span><\/div>\n<\/td>\n<td>\n<div align=\"center\"><\/div>\n<\/td>\n<td>\n<div align=\"center\"><\/div>\n<\/td>\n<\/tr>\n<tr>\n<td>\n<div align=\"center\"><span style=\"color: #993366;\">Fundamentos Visuales V<\/span><\/div>\n<\/td>\n<td>\n<div align=\"center\"><\/div>\n<\/td>\n<td>\n<div align=\"center\"><\/div>\n<\/td>\n<\/tr>\n<tr>\n<td>\n<div align=\"center\"><span style=\"color: #993366;\">Practica Docente V: Residencia Nivel Superior<\/span><\/div>\n<\/td>\n<td>\n<div align=\"center\"><\/div>\n<\/td>\n<td>\n<div align=\"center\"><\/div>\n<\/td>\n<\/tr>\n<\/tbody>\n<\/table>\n<p style=\"text-align: center;\"><a href=\"https:\/\/dges-sal.infd.edu.ar\/sitio\/profesorados\/upload\/Res-2042-16_Prof_Superior_en_Artes_Visuales_C-O_en_pintura-Escultura-Grabado_Arte_Impreso-Ceramica.pdf\" target=\"_blank\" rel=\"noopener\"><strong><span style=\"color: #000000;\">Resoluci\u00f3n 2042\/16<\/span><\/strong><\/a><\/p>\n<p style=\"text-align: center;\"><span style=\"color: #000000;\"><a style=\"color: #000000;\" href=\"https:\/\/dges-sal.infd.edu.ar\/sitio\/profesorados\/upload\/Res._7548-17.pdf\" target=\"_blank\" rel=\"noopener\"><strong>Res. 7548\/17 R\u00e9gimen de correlatividades<\/strong><\/a><\/span><\/p>\n<p style=\"text-align: center;\"><span style=\"color: #000000;\"><strong><a style=\"color: #000000;\" href=\"https:\/\/dges-sal.infd.edu.ar\/sitio\/profesorados\/upload\/Disp_265-17__Modificatoria_Res._2042-16.pdf\" target=\"_blank\" rel=\"noopener\">MODIFICATORIA<\/a><\/strong><\/span><\/p>\n","protected":false},"excerpt":{"rendered":"<p>Profesorado Superior en : Artes Visuales con Orientaci\u00f3n\u00a0en: Pintura, Escultura, Grabado Arte Impreso o Cer\u00e1mica. Turno Tarde: de 13 hs. a 18 hs. Turno Noche: de 18 hs. a 23.30 hs. PRIMER A\u00d1O ANUAL CUAT. Pedagog\u00eda Did\u00e1ctica General Psicolog\u00eda Educacional Lectura y Escritura Acad\u00e9mica Producci\u00f3n Art\u00edstica Rotativa: Pintura I Producci\u00f3n Art\u00edstica Rotativa: Escultura I Producci\u00f3n &#8230; <a title=\"Plan de estudios\" class=\"read-more\" href=\"https:\/\/epba-sal.infd.edu.ar\/sitio\/plan-de-estudios\/\" aria-label=\"More on Plan de estudios\">[+]<\/a><\/p>\n","protected":false},"author":77,"featured_media":0,"parent":0,"menu_order":0,"comment_status":"closed","ping_status":"closed","template":"","meta":[],"acf":[],"_links":{"self":[{"href":"https:\/\/epba-sal.infd.edu.ar\/sitio\/wp-json\/wp\/v2\/pages\/768"}],"collection":[{"href":"https:\/\/epba-sal.infd.edu.ar\/sitio\/wp-json\/wp\/v2\/pages"}],"about":[{"href":"https:\/\/epba-sal.infd.edu.ar\/sitio\/wp-json\/wp\/v2\/types\/page"}],"author":[{"embeddable":true,"href":"https:\/\/epba-sal.infd.edu.ar\/sitio\/wp-json\/wp\/v2\/users\/77"}],"replies":[{"embeddable":true,"href":"https:\/\/epba-sal.infd.edu.ar\/sitio\/wp-json\/wp\/v2\/comments?post=768"}],"version-history":[{"count":12,"href":"https:\/\/epba-sal.infd.edu.ar\/sitio\/wp-json\/wp\/v2\/pages\/768\/revisions"}],"predecessor-version":[{"id":944,"href":"https:\/\/epba-sal.infd.edu.ar\/sitio\/wp-json\/wp\/v2\/pages\/768\/revisions\/944"}],"wp:attachment":[{"href":"https:\/\/epba-sal.infd.edu.ar\/sitio\/wp-json\/wp\/v2\/media?parent=768"}],"curies":[{"name":"wp","href":"https:\/\/api.w.org\/{rel}","templated":true}]}}