{"id":769,"date":"2018-08-31T14:34:16","date_gmt":"2018-08-31T17:34:16","guid":{"rendered":"https:\/\/epba-sal.infd.edu.ar\/sitio\/plan-de-estudios-2\/"},"modified":"2019-02-28T10:56:27","modified_gmt":"2019-02-28T13:56:27","slug":"plan-de-estudios-2","status":"publish","type":"page","link":"https:\/\/epba-sal.infd.edu.ar\/sitio\/plan-de-estudios-2\/","title":{"rendered":"Plan de estudios"},"content":{"rendered":"<p style=\"text-align: center;\"><span style=\"color: #993366;\"><span style=\"font-size: 12pt;\"><span style=\"font-size: 12pt;\"><b>Tecnicatura Superior en :<\/b><\/span><\/span><\/span><\/p>\n<p style=\"text-align: center;\"><span style=\"color: #993366;\"><span style=\"font-size: 12pt;\"><b>Arte Textil e Indumentaria<\/b><b style=\"font-size: 12pt;\">.<\/b><\/span><\/span><\/p>\n<table border=\"4\" width=\"auto\" align=\"center\">\n<tbody>\n<tr>\n<td bgcolor=\"#f7a3ae\">\n<div align=\"center\"><strong><span style=\"color: #993366;\">PRIMER A\u00d1O<\/span><\/strong><\/div>\n<\/td>\n<td bgcolor=\"#f7a3ae\">\n<div align=\"center\"><strong><span style=\"color: #993366;\">ANUAL<\/span><\/strong><\/div>\n<\/td>\n<td bgcolor=\"#f7a3ae\">\n<div align=\"center\"><strong><span style=\"color: #993366;\">CUAT.<\/span><\/strong><\/div>\n<\/td>\n<\/tr>\n<tr>\n<td>\n<div align=\"center\"><span style=\"color: #993366;\">T\u00e9cnicas Textiles I<\/span><\/div>\n<\/td>\n<td>\n<div align=\"center\"><\/div>\n<\/td>\n<td>\n<div align=\"center\"><\/div>\n<\/td>\n<\/tr>\n<tr>\n<td>\n<div align=\"center\"><span style=\"color: #993366;\">Laboratorio de Materiales y Tintes I<\/span><\/div>\n<\/td>\n<td>\n<div align=\"center\"><\/div>\n<\/td>\n<td>\n<div align=\"center\"><\/div>\n<\/td>\n<\/tr>\n<tr>\n<td>\n<div align=\"center\"><span style=\"color: #993366;\">Producci\u00f3n Textil I<\/span><\/div>\n<\/td>\n<td>\n<div align=\"center\"><\/div>\n<\/td>\n<td>\n<div align=\"center\"><\/div>\n<\/td>\n<\/tr>\n<tr>\n<td>\n<div align=\"center\"><span style=\"color: #993366;\">Historia del Arte I<\/span><\/div>\n<\/td>\n<td>\n<div align=\"center\"><\/div>\n<\/td>\n<td>\n<div align=\"center\"><\/div>\n<\/td>\n<\/tr>\n<tr>\n<td>\n<div align=\"center\"><span style=\"color: #993366;\">Lenguaje Visual I<\/span><\/div>\n<\/td>\n<td>\n<div align=\"center\"><\/div>\n<\/td>\n<td>\n<div align=\"center\"><\/div>\n<\/td>\n<\/tr>\n<tr>\n<td>\n<div align=\"center\"><span style=\"color: #993366;\">Dise\u00f1o Textil I<\/span><\/div>\n<\/td>\n<td>\n<div align=\"center\"><\/div>\n<\/td>\n<td>\n<div align=\"center\"><\/div>\n<\/td>\n<\/tr>\n<tr>\n<td>\n<div align=\"center\"><span style=\"color: #993366;\">Dise\u00f1o de Indumentaria I<\/span><\/div>\n<\/td>\n<td>\n<div align=\"center\"><\/div>\n<\/td>\n<td>\n<div align=\"center\"><\/div>\n<\/td>\n<\/tr>\n<tr>\n<td bgcolor=\"#f7a3ae\">\n<div align=\"center\"><strong><span style=\"color: #993366;\">SEGUNDO A\u00d1O<\/span><\/strong><\/div>\n<\/td>\n<td bgcolor=\"#f7a3ae\">\n<div align=\"center\"><strong><span style=\"color: #993366;\">ANUAL<\/span><\/strong><\/div>\n<\/td>\n<td bgcolor=\"#f7a3ae\">\n<div align=\"center\"><strong><span style=\"color: #993366;\">CUAT.<\/span><\/strong><\/div>\n<\/td>\n<\/tr>\n<tr>\n<td>\n<div align=\"center\"><span style=\"color: #993366;\">T\u00e9cnica Textil II<\/span><\/div>\n<\/td>\n<td>\n<div align=\"center\"><\/div>\n<\/td>\n<td>\n<div align=\"center\"><\/div>\n<\/td>\n<\/tr>\n<tr>\n<td>\n<div align=\"center\"><span style=\"color: #993366;\">Producci\u00f3n Textil II<\/span><\/div>\n<\/td>\n<td>\n<div align=\"center\"><\/div>\n<\/td>\n<td>\n<div align=\"center\"><\/div>\n<\/td>\n<\/tr>\n<tr>\n<td>\n<div align=\"center\"><span style=\"color: #993366;\">Historia del Arte II<\/span><\/div>\n<\/td>\n<td>\n<div align=\"center\"><\/div>\n<\/td>\n<td>\n<div align=\"center\"><\/div>\n<\/td>\n<\/tr>\n<tr>\n<td>\n<div align=\"center\"><span style=\"color: #993366;\">Lenguaje Visual II<\/span><\/div>\n<\/td>\n<td>\n<div align=\"center\"><\/div>\n<\/td>\n<td>\n<div align=\"center\"><\/div>\n<\/td>\n<\/tr>\n<tr>\n<td>\n<div align=\"center\"><span style=\"color: #993366;\">Dise\u00f1o Textil II<\/span><\/div>\n<\/td>\n<td>\n<div align=\"center\"><\/div>\n<\/td>\n<td>\n<div align=\"center\"><\/div>\n<\/td>\n<\/tr>\n<tr>\n<td>\n<div align=\"center\"><span style=\"color: #993366;\">Dise\u00f1o de Indumentaria II<\/span><\/div>\n<\/td>\n<td>\n<div align=\"center\"><\/div>\n<\/td>\n<td>\n<div align=\"center\"><\/div>\n<\/td>\n<\/tr>\n<tr>\n<td>\n<div align=\"center\"><span style=\"color: #993366;\">Tecnolog\u00eda de la Prenda<\/span><\/div>\n<\/td>\n<td>\n<div align=\"center\"><\/div>\n<\/td>\n<td>\n<div align=\"center\"><\/div>\n<\/td>\n<\/tr>\n<tr>\n<td bgcolor=\"#f7a3ae\">\n<div align=\"center\"><strong><span style=\"color: #993366;\">TERCER A\u00d1O<\/span><\/strong><\/div>\n<\/td>\n<td bgcolor=\"#f7a3ae\">\n<div align=\"center\"><strong><span style=\"color: #993366;\">ANUAL<\/span><\/strong><\/div>\n<\/td>\n<td bgcolor=\"#f7a3ae\">\n<div align=\"center\"><strong><span style=\"color: #993366;\">CUAT.<\/span><\/strong><\/div>\n<\/td>\n<\/tr>\n<tr>\n<td>\n<div align=\"center\"><span style=\"color: #993366;\">T\u00e9cnica Textil III<\/span><\/div>\n<\/td>\n<td>\n<div align=\"center\"><\/div>\n<\/td>\n<td>\n<div align=\"center\"><\/div>\n<\/td>\n<\/tr>\n<tr>\n<td>\n<div align=\"center\"><span style=\"color: #993366;\">Producci\u00f3n Textil III<\/span><\/div>\n<\/td>\n<td>\n<div align=\"center\"><\/div>\n<\/td>\n<td>\n<div align=\"center\"><\/div>\n<\/td>\n<\/tr>\n<tr>\n<td>\n<div align=\"center\"><span style=\"color: #993366;\">Marketing y Comercializaci\u00f3n<\/span><\/div>\n<\/td>\n<td>\n<div align=\"center\"><\/div>\n<\/td>\n<td>\n<div align=\"center\"><\/div>\n<\/td>\n<\/tr>\n<tr>\n<td>\n<div align=\"center\"><span style=\"color: #993366;\">Historia del Arte III<\/span><\/div>\n<\/td>\n<td>\n<div align=\"center\"><\/div>\n<\/td>\n<td>\n<div align=\"center\"><\/div>\n<\/td>\n<\/tr>\n<tr>\n<td>\n<div align=\"center\"><span style=\"color: #993366;\">Antropolog\u00eda Cultural<\/span><\/div>\n<\/td>\n<td>\n<div align=\"center\"><\/div>\n<\/td>\n<td>\n<div align=\"center\"><\/div>\n<\/td>\n<\/tr>\n<tr>\n<td>\n<div align=\"center\"><span style=\"color: #993366;\">Proyecto de Intervenci\u00f3n Comunitaria y Practica Profesional<\/span><\/div>\n<\/td>\n<td>\n<div align=\"center\"><\/div>\n<\/td>\n<td>\n<div align=\"center\"><\/div>\n<\/td>\n<\/tr>\n<tr>\n<td>\n<div align=\"center\"><span style=\"color: #993366;\">Laboratorio de Forma: Color e Iconografia<\/span><\/div>\n<\/td>\n<td>\n<div align=\"center\"><\/div>\n<\/td>\n<td>\n<div align=\"center\"><\/div>\n<\/td>\n<\/tr>\n<\/tbody>\n<\/table>\n<p style=\"text-align: center;\"><a href=\"https:\/\/dges-sal.infd.edu.ar\/sitio\/tecnicaturas\/upload\/Resoluci%F3n_360-05_TSATex_e_Indum.pdf\" target=\"_blank\" rel=\"noopener\"><strong>Resoluci\u00f3n 360\/05<\/strong><\/a><\/p>\n","protected":false},"excerpt":{"rendered":"<p>Tecnicatura Superior en : Arte Textil e Indumentaria. PRIMER A\u00d1O ANUAL CUAT. T\u00e9cnicas Textiles I Laboratorio de Materiales y Tintes I Producci\u00f3n Textil I Historia del Arte I Lenguaje Visual I Dise\u00f1o Textil I Dise\u00f1o de Indumentaria I SEGUNDO A\u00d1O ANUAL CUAT. T\u00e9cnica Textil II Producci\u00f3n Textil II Historia del Arte II Lenguaje Visual II &#8230; <a title=\"Plan de estudios\" class=\"read-more\" href=\"https:\/\/epba-sal.infd.edu.ar\/sitio\/plan-de-estudios-2\/\" aria-label=\"More on Plan de estudios\">[+]<\/a><\/p>\n","protected":false},"author":77,"featured_media":0,"parent":0,"menu_order":0,"comment_status":"closed","ping_status":"closed","template":"","meta":[],"acf":[],"_links":{"self":[{"href":"https:\/\/epba-sal.infd.edu.ar\/sitio\/wp-json\/wp\/v2\/pages\/769"}],"collection":[{"href":"https:\/\/epba-sal.infd.edu.ar\/sitio\/wp-json\/wp\/v2\/pages"}],"about":[{"href":"https:\/\/epba-sal.infd.edu.ar\/sitio\/wp-json\/wp\/v2\/types\/page"}],"author":[{"embeddable":true,"href":"https:\/\/epba-sal.infd.edu.ar\/sitio\/wp-json\/wp\/v2\/users\/77"}],"replies":[{"embeddable":true,"href":"https:\/\/epba-sal.infd.edu.ar\/sitio\/wp-json\/wp\/v2\/comments?post=769"}],"version-history":[{"count":6,"href":"https:\/\/epba-sal.infd.edu.ar\/sitio\/wp-json\/wp\/v2\/pages\/769\/revisions"}],"predecessor-version":[{"id":912,"href":"https:\/\/epba-sal.infd.edu.ar\/sitio\/wp-json\/wp\/v2\/pages\/769\/revisions\/912"}],"wp:attachment":[{"href":"https:\/\/epba-sal.infd.edu.ar\/sitio\/wp-json\/wp\/v2\/media?parent=769"}],"curies":[{"name":"wp","href":"https:\/\/api.w.org\/{rel}","templated":true}]}}