{"id":770,"date":"2018-08-31T14:34:16","date_gmt":"2018-08-31T17:34:16","guid":{"rendered":"https:\/\/epba-sal.infd.edu.ar\/sitio\/plan-de-estudios-3\/"},"modified":"2020-10-30T12:05:07","modified_gmt":"2020-10-30T15:05:07","slug":"plan-de-estudios-3","status":"publish","type":"page","link":"https:\/\/epba-sal.infd.edu.ar\/sitio\/plan-de-estudios-3\/","title":{"rendered":"Plan de estudios"},"content":{"rendered":"<p style=\"text-align: center;\"><span style=\"color: #993366;\"><span style=\"font-size: 12pt;\"><span style=\"font-size: 12pt;\"><b>Tecnicatura Superior en :<\/b><\/span><\/span><\/span><\/p>\n<p style=\"text-align: center;\"><span style=\"color: #993366;\"><span style=\"font-size: 12pt;\"><b>Artes Visuales con <\/b><b>Orientaci\u00f3n<\/b><b style=\"font-size: 12pt;\">\u00a0en Dise\u00f1o Gr\u00e1fico.<\/b><\/span><\/span><\/p>\n<table border=\"4\" width=\"auto\" align=\"center\">\n<tbody>\n<tr>\n<td bgcolor=\"#f7a3ae\">\n<div align=\"center\"><strong><span style=\"color: #993366;\">PRIMER A\u00d1O<\/span><\/strong><\/div>\n<\/td>\n<td bgcolor=\"#f7a3ae\">\n<div align=\"center\"><strong><span style=\"color: #993366;\">ANUAL<\/span><\/strong><\/div>\n<\/td>\n<td bgcolor=\"#f7a3ae\">\n<div align=\"center\"><strong><span style=\"color: #993366;\">CUAT.<\/span><\/strong><\/div>\n<\/td>\n<\/tr>\n<tr>\n<td>\n<div align=\"center\"><span style=\"color: #993366;\">Taller de Dibujo<\/span><\/div>\n<\/td>\n<td>\n<div align=\"center\"><\/div>\n<\/td>\n<td>\n<div align=\"center\"><\/div>\n<\/td>\n<\/tr>\n<tr>\n<td>\n<div align=\"center\"><span style=\"color: #993366;\">Taller de Introducci\u00f3n a las Artes Visuales<\/span><\/div>\n<\/td>\n<td>\n<div align=\"center\"><\/div>\n<\/td>\n<td>\n<div align=\"center\"><\/div>\n<\/td>\n<\/tr>\n<tr>\n<td>\n<div align=\"center\"><span style=\"color: #993366;\">Taller de Dise\u00f1o e Imagen I<\/span><\/div>\n<\/td>\n<td>\n<div align=\"center\"><\/div>\n<\/td>\n<td>\n<div align=\"center\"><\/div>\n<\/td>\n<\/tr>\n<tr>\n<td>\n<div align=\"center\"><span style=\"color: #993366;\">Movimiento Escuelas y Tendencias del Dise\u00f1o Gr\u00e1fico I<\/span><\/div>\n<\/td>\n<td>\n<div align=\"center\"><\/div>\n<\/td>\n<td>\n<div align=\"center\"><\/div>\n<\/td>\n<\/tr>\n<tr>\n<td>\n<div align=\"center\"><span style=\"color: #993366;\">Gram\u00e1tica del Lenguaje Visual I<\/span><\/div>\n<\/td>\n<td>\n<div align=\"center\"><\/div>\n<\/td>\n<td>\n<div align=\"center\"><\/div>\n<\/td>\n<\/tr>\n<tr>\n<td>\n<div align=\"center\"><span style=\"color: #993366;\">Laboratorio de Materiales y Color I<\/span><\/div>\n<\/td>\n<td>\n<div align=\"center\"><\/div>\n<\/td>\n<td>\n<div align=\"center\"><\/div>\n<\/td>\n<\/tr>\n<tr>\n<td>\n<div align=\"center\"><span style=\"color: #993366;\">Laboratorio de Investigaci\u00f3n de la Forma<\/span><\/div>\n<\/td>\n<td>\n<div align=\"center\"><\/div>\n<\/td>\n<td>\n<div align=\"center\"><\/div>\n<\/td>\n<\/tr>\n<tr>\n<td bgcolor=\"#f7a3ae\">\n<div align=\"center\"><strong><span style=\"color: #993366;\">SEGUNDO A\u00d1O<\/span><\/strong><\/div>\n<\/td>\n<td bgcolor=\"#f7a3ae\">\n<div align=\"center\"><strong><span style=\"color: #993366;\">ANUAL<\/span><\/strong><\/div>\n<\/td>\n<td bgcolor=\"#f7a3ae\">\n<div align=\"center\"><strong><span style=\"color: #993366;\">CUAT.<\/span><\/strong><\/div>\n<\/td>\n<\/tr>\n<tr>\n<td>\n<div align=\"center\"><span style=\"color: #993366;\">T\u00e9cnica de Fotograf\u00eda<\/span><\/div>\n<\/td>\n<td>\n<div align=\"center\"><\/div>\n<\/td>\n<td>\n<div align=\"center\"><\/div>\n<\/td>\n<\/tr>\n<tr>\n<td>\n<div align=\"center\"><span style=\"color: #993366;\">Marketing<\/span><\/div>\n<\/td>\n<td>\n<div align=\"center\"><\/div>\n<\/td>\n<td>\n<div align=\"center\"><\/div>\n<\/td>\n<\/tr>\n<tr>\n<td>\n<div align=\"center\"><span style=\"color: #993366;\">Laboratorio de Inform\u00e1tica Aplicada I<\/span><\/div>\n<\/td>\n<td>\n<div align=\"center\"><\/div>\n<\/td>\n<td>\n<div align=\"center\"><\/div>\n<\/td>\n<\/tr>\n<tr>\n<td>\n<div align=\"center\"><span style=\"color: #993366;\">T\u00e9cnica del Dise\u00f1o Gr\u00e1fico I<\/span><\/div>\n<\/td>\n<td>\n<div align=\"center\"><\/div>\n<\/td>\n<td>\n<div align=\"center\"><\/div>\n<\/td>\n<\/tr>\n<tr>\n<td>\n<div align=\"center\"><span style=\"color: #993366;\">Taller de Dibujo II<\/span><\/div>\n<\/td>\n<td>\n<div align=\"center\"><\/div>\n<\/td>\n<td>\n<div align=\"center\"><\/div>\n<\/td>\n<\/tr>\n<tr>\n<td>\n<div align=\"center\"><span style=\"color: #993366;\">Taller de Dise\u00f1o e Imagen II<\/span><\/div>\n<\/td>\n<td>\n<div align=\"center\"><\/div>\n<\/td>\n<td>\n<div align=\"center\"><\/div>\n<\/td>\n<\/tr>\n<tr>\n<td>\n<div align=\"center\"><span style=\"color: #993366;\">Movimiento Escuelas y Tendencias del Dise\u00f1o Gr\u00e1fico II<\/span><\/div>\n<\/td>\n<td>\n<div align=\"center\"><\/div>\n<\/td>\n<td>\n<div align=\"center\"><\/div>\n<\/td>\n<\/tr>\n<tr>\n<td>\n<div align=\"center\"><span style=\"color: #993366;\">Comunicaci\u00f3n Visual I<\/span><\/div>\n<\/td>\n<td>\n<div align=\"center\"><\/div>\n<\/td>\n<td>\n<div align=\"center\"><\/div>\n<\/td>\n<\/tr>\n<tr>\n<td>\n<div align=\"center\"><span style=\"color: #993366;\">Semiotica<\/span><\/div>\n<\/td>\n<td>\n<div align=\"center\"><\/div>\n<\/td>\n<td>\n<div align=\"center\"><\/div>\n<\/td>\n<\/tr>\n<tr>\n<td>\n<div align=\"center\"><span style=\"color: #993366;\">Gram\u00e1tica del Lenguaje Visual II<\/span><\/div>\n<\/td>\n<td>\n<div align=\"center\"><\/div>\n<\/td>\n<td>\n<div align=\"center\"><\/div>\n<\/td>\n<\/tr>\n<tr>\n<td bgcolor=\"#f7a3ae\">\n<div align=\"center\"><strong><span style=\"color: #993366;\">TERCER A\u00d1O<\/span><\/strong><\/div>\n<\/td>\n<td bgcolor=\"#f7a3ae\">\n<div align=\"center\"><strong><span style=\"color: #993366;\">ANUAL<\/span><\/strong><\/div>\n<\/td>\n<td bgcolor=\"#f7a3ae\">\n<div align=\"center\"><strong><span style=\"color: #993366;\">CUAT.<\/span><\/strong><\/div>\n<\/td>\n<\/tr>\n<tr>\n<td>\n<div align=\"center\"><span style=\"color: #993366;\">Laboratorio de Inform\u00e1tica Aplicada II<\/span><\/div>\n<\/td>\n<td>\n<div align=\"center\"><\/div>\n<\/td>\n<td>\n<div align=\"center\"><\/div>\n<\/td>\n<\/tr>\n<tr>\n<td>\n<div align=\"center\"><span style=\"color: #993366;\">T\u00e9cnica del Dise\u00f1o Gr\u00e1fico II<\/span><\/div>\n<\/td>\n<td>\n<div align=\"center\"><\/div>\n<\/td>\n<td>\n<div align=\"center\"><\/div>\n<\/td>\n<\/tr>\n<tr>\n<td>\n<div align=\"center\"><span style=\"color: #993366;\">Taller de Dise\u00f1o e Imagen III<\/span><\/div>\n<\/td>\n<td>\n<div align=\"center\"><\/div>\n<\/td>\n<td>\n<div align=\"center\"><\/div>\n<\/td>\n<\/tr>\n<tr>\n<td>\n<div align=\"center\"><span style=\"color: #993366;\">Comunicaci\u00f3n Visual II<\/span><\/div>\n<\/td>\n<td>\n<div align=\"center\"><\/div>\n<\/td>\n<td>\n<div align=\"center\"><\/div>\n<\/td>\n<\/tr>\n<tr>\n<td>\n<div align=\"center\"><span style=\"color: #993366;\">Gram\u00e1tica del Lenguaje Visual III<\/span><\/div>\n<\/td>\n<td>\n<div align=\"center\"><\/div>\n<\/td>\n<td>\n<div align=\"center\"><\/div>\n<\/td>\n<\/tr>\n<tr>\n<td>\n<div align=\"center\"><span style=\"color: #993366;\">Taller de Tipograf\u00eda y Se\u00f1aletica<\/span><\/div>\n<\/td>\n<td>\n<div align=\"center\"><\/div>\n<\/td>\n<td>\n<div align=\"center\"><\/div>\n<\/td>\n<\/tr>\n<tr>\n<td>\n<div align=\"center\"><span style=\"color: #993366;\">Proyecto de Investigaci\u00f3n<\/span><\/div>\n<\/td>\n<td>\n<div align=\"center\"><\/div>\n<\/td>\n<td>\n<div align=\"center\"><\/div>\n<\/td>\n<\/tr>\n<tr>\n<td>\n<div align=\"center\"><span style=\"color: #993366;\">Proyecto de Intervenci\u00f3n Comunitaria<\/span><\/div>\n<\/td>\n<td>\n<div align=\"center\"><\/div>\n<\/td>\n<td>\n<div align=\"center\"><\/div>\n<\/td>\n<\/tr>\n<\/tbody>\n<\/table>\n<p style=\"text-align: center;\"><a href=\"https:\/\/dges-sal.infd.edu.ar\/sitio\/tecnicaturas\/upload\/Res._2007-02_TS_Artes_visuales_c-o_en_Disen_o_Grafico.pdf\" target=\"_blank\" rel=\"noopener\"><strong>Resoluci\u00f3n 2007\/02<\/strong><\/a><\/p>\n","protected":false},"excerpt":{"rendered":"<p>Tecnicatura Superior en : Artes Visuales con Orientaci\u00f3n\u00a0en Dise\u00f1o Gr\u00e1fico. PRIMER A\u00d1O ANUAL CUAT. Taller de Dibujo Taller de Introducci\u00f3n a las Artes Visuales Taller de Dise\u00f1o e Imagen I Movimiento Escuelas y Tendencias del Dise\u00f1o Gr\u00e1fico I Gram\u00e1tica del Lenguaje Visual I Laboratorio de Materiales y Color I Laboratorio de Investigaci\u00f3n de la Forma &#8230; <a title=\"Plan de estudios\" class=\"read-more\" href=\"https:\/\/epba-sal.infd.edu.ar\/sitio\/plan-de-estudios-3\/\" aria-label=\"More on Plan de estudios\">[+]<\/a><\/p>\n","protected":false},"author":77,"featured_media":0,"parent":0,"menu_order":0,"comment_status":"closed","ping_status":"closed","template":"","meta":[],"acf":[],"_links":{"self":[{"href":"https:\/\/epba-sal.infd.edu.ar\/sitio\/wp-json\/wp\/v2\/pages\/770"}],"collection":[{"href":"https:\/\/epba-sal.infd.edu.ar\/sitio\/wp-json\/wp\/v2\/pages"}],"about":[{"href":"https:\/\/epba-sal.infd.edu.ar\/sitio\/wp-json\/wp\/v2\/types\/page"}],"author":[{"embeddable":true,"href":"https:\/\/epba-sal.infd.edu.ar\/sitio\/wp-json\/wp\/v2\/users\/77"}],"replies":[{"embeddable":true,"href":"https:\/\/epba-sal.infd.edu.ar\/sitio\/wp-json\/wp\/v2\/comments?post=770"}],"version-history":[{"count":9,"href":"https:\/\/epba-sal.infd.edu.ar\/sitio\/wp-json\/wp\/v2\/pages\/770\/revisions"}],"predecessor-version":[{"id":914,"href":"https:\/\/epba-sal.infd.edu.ar\/sitio\/wp-json\/wp\/v2\/pages\/770\/revisions\/914"}],"wp:attachment":[{"href":"https:\/\/epba-sal.infd.edu.ar\/sitio\/wp-json\/wp\/v2\/media?parent=770"}],"curies":[{"name":"wp","href":"https:\/\/api.w.org\/{rel}","templated":true}]}}