{"id":771,"date":"2018-08-31T14:34:17","date_gmt":"2018-08-31T17:34:17","guid":{"rendered":"https:\/\/epba-sal.infd.edu.ar\/sitio\/autoridades\/"},"modified":"2024-03-11T17:02:26","modified_gmt":"2024-03-11T20:02:26","slug":"autoridades","status":"publish","type":"page","link":"https:\/\/epba-sal.infd.edu.ar\/sitio\/autoridades\/","title":{"rendered":"Autoridades"},"content":{"rendered":"<h4 align=\"center\">MINISTRO DE EDUCACI\u00d3N, CULTURA, CIENCIA Y TECNOLOG\u00cdA<\/h4>\n<h4 align=\"center\"><span style=\"color: #000080;\">Dra. Mar\u00eda Cristina del Valle Fiore Vi\u00f1uales<\/span><\/h4>\n<h4 align=\"center\">SECRETAR\u00cdA DE GESTI\u00d3N EDUCATIVA<\/h4>\n<h4 align=\"center\"><span style=\"color: #000080;\">Prof. Mar\u00eda Estrella Villarreal<\/span><\/h4>\n<h4 align=\"center\">SUBSECRETAR\u00cdA DE GESTI\u00d3N EDUCATIVA<\/h4>\n<h4 align=\"center\"><span style=\"color: #000080;\">Prof. Mar\u00eda de los \u00c1ngeles Denis<\/span><\/h4>\n<h4 align=\"center\">SECRETAR\u00cdA INSTITUCIONAL Y DE ADMINISTRACI\u00d3N<\/h4>\n<h4 align=\"center\"><span style=\"color: #000080;\">Dr. Eduardo Gustavo Costello<\/span><\/h4>\n<h4 align=\"center\">SECRETAR\u00cdA DE PLANEAMIENTO Y DESARROLLO PROFESIONAL DOCENTE<\/h4>\n<h4 align=\"center\"><span style=\"color: #000080;\">Prof. Anal\u00eda Guardo Gallardo<\/span><\/h4>\n<h4 align=\"center\">SUBSECRETAR\u00cdA DE DESARROLLO CURRICULAR E INNOVACI\u00d3N PEDAG\u00d3GICA<\/h4>\n<h4 align=\"center\"><span style=\"color: #000080;\">Prof. Mariel del Valle D\u00edaz Ruiz<\/span><\/h4>\n<h4 align=\"center\">SECRETAR\u00cdA DE CULTURA<\/h4>\n<h4 align=\"center\"><span style=\"color: #000080;\">Lic. Diego Ashur Mas<\/span><\/h4>\n<h4 align=\"center\">SECRETAR\u00cdA DE CIENCIA Y TECNOLOG\u00cdA<\/h4>\n<h4 align=\"center\"><span style=\"color: #000080;\">Dr. Livio Rafael Gratton<\/span><\/h4>\n<h4 align=\"center\">SUBSECRETAR\u00cdA DE DIFUSI\u00d3N DE ACTIVIDADES. OPORTUNIDADES Y CONOCIMIENTOS TECNOL\u00d3GICOS<\/h4>\n<h4 align=\"center\"><span style=\"color: #000080;\">Prof. Mar\u00eda de los Angeles Montalbetti<\/span><\/h4>\n<h4 align=\"center\">SUBSECRETAR\u00cdA DE VINCULACI\u00d3N TECNOL\u00d3GICA<\/h4>\n<h4 align=\"center\"><span style=\"color: #000080;\">Ing. Carlos Porcelo<\/span><\/h4>\n<h4 align=\"center\">SUBSECRETAR\u00cdA DE POLITICAS SOCIOEDUCATIVAS<\/h4>\n<h4 align=\"center\"><span style=\"color: #000080;\">Lic. Alejandro Eduardo Williams Becker<\/span><\/h4>\n<h4 align=\"center\">SUBSECRETAR\u00cdA DE EDUCACI\u00d3N, TRABAJO Y PRODUCCI\u00d3N<\/h4>\n<h4 align=\"center\"><span style=\"color: #000080;\">Prof. Diego L\u00f3pez Morillo<\/span><\/h4>\n<h4 align=\"center\">DIRECCI\u00d3N GENERAL DE EDUCACI\u00d3N INICIAL<\/h4>\n<h4 align=\"center\"><span style=\"color: #000080;\">Prof. Lucrecia Mabel Prieto<\/span><\/h4>\n<h4 align=\"center\">DIRECCI\u00d3N GENERAL DE EDUCACI\u00d3N PRIMARIA<\/h4>\n<h4 align=\"center\"><span style=\"color: #000080;\">Prof. Jorge Eduardo Correa<\/span><\/h4>\n<h4 align=\"center\">DIRECCI\u00d3N GENERAL DE EDUCACI\u00d3N SECUNDARIA<\/h4>\n<h4 align=\"center\"><span style=\"color: #000080;\">Prof. Marta Isabel Segura<\/span><\/h4>\n<h4 align=\"center\">DIRECCI\u00d3N GENERAL DE EDUCACI\u00d3N T\u00c9CNICA Y FORMACI\u00d3N PROFESIONAL<\/h4>\n<h4 align=\"center\"><span style=\"color: #000080;\">Prof. Fabiana Viera<\/span><\/h4>\n<h4 align=\"center\">DIRECCI\u00d3N GENERAL DE EDUCACI\u00d3N SUPERIOR<\/h4>\n<h4 align=\"center\"><span style=\"color: #000080;\">Prof. Mar\u00eda Antonieta Ar\u00e9valos<\/span><\/h4>\n<p style=\"text-align: center;\"><strong>\u00a0\u00a0<\/strong><\/p>\n<h4 align=\"center\">RECTORA DE LA INSTITUCI\u00d3N<\/h4>\n<h4 style=\"text-align: center;\"><span style=\"color: #000080;\"><strong>Lic.\u00a0 Ana G. Panozzo Zenere.<\/strong><\/span><\/h4>\n","protected":false},"excerpt":{"rendered":"<p>MINISTRO DE EDUCACI\u00d3N, CULTURA, CIENCIA Y TECNOLOG\u00cdA Dra. Mar\u00eda Cristina del Valle Fiore Vi\u00f1uales SECRETAR\u00cdA DE GESTI\u00d3N EDUCATIVA Prof. Mar\u00eda Estrella Villarreal SUBSECRETAR\u00cdA DE GESTI\u00d3N EDUCATIVA Prof. Mar\u00eda de los \u00c1ngeles Denis SECRETAR\u00cdA INSTITUCIONAL Y DE ADMINISTRACI\u00d3N Dr. Eduardo Gustavo Costello SECRETAR\u00cdA DE PLANEAMIENTO Y DESARROLLO PROFESIONAL DOCENTE Prof. Anal\u00eda Guardo Gallardo SUBSECRETAR\u00cdA DE DESARROLLO &#8230; <a title=\"Autoridades\" class=\"read-more\" href=\"https:\/\/epba-sal.infd.edu.ar\/sitio\/autoridades\/\" aria-label=\"More on Autoridades\">[+]<\/a><\/p>\n","protected":false},"author":77,"featured_media":0,"parent":0,"menu_order":0,"comment_status":"closed","ping_status":"closed","template":"","meta":[],"acf":[],"_links":{"self":[{"href":"https:\/\/epba-sal.infd.edu.ar\/sitio\/wp-json\/wp\/v2\/pages\/771"}],"collection":[{"href":"https:\/\/epba-sal.infd.edu.ar\/sitio\/wp-json\/wp\/v2\/pages"}],"about":[{"href":"https:\/\/epba-sal.infd.edu.ar\/sitio\/wp-json\/wp\/v2\/types\/page"}],"author":[{"embeddable":true,"href":"https:\/\/epba-sal.infd.edu.ar\/sitio\/wp-json\/wp\/v2\/users\/77"}],"replies":[{"embeddable":true,"href":"https:\/\/epba-sal.infd.edu.ar\/sitio\/wp-json\/wp\/v2\/comments?post=771"}],"version-history":[{"count":11,"href":"https:\/\/epba-sal.infd.edu.ar\/sitio\/wp-json\/wp\/v2\/pages\/771\/revisions"}],"predecessor-version":[{"id":1413,"href":"https:\/\/epba-sal.infd.edu.ar\/sitio\/wp-json\/wp\/v2\/pages\/771\/revisions\/1413"}],"wp:attachment":[{"href":"https:\/\/epba-sal.infd.edu.ar\/sitio\/wp-json\/wp\/v2\/media?parent=771"}],"curies":[{"name":"wp","href":"https:\/\/api.w.org\/{rel}","templated":true}]}}